{"id":251,"date":"2024-03-12T11:33:19","date_gmt":"2024-03-12T11:33:19","guid":{"rendered":"https:\/\/mwierzba.pl\/?page_id=251"},"modified":"2024-03-12T14:37:54","modified_gmt":"2024-03-12T14:37:54","slug":"dlaczego-startuje-w-wyborach-na-radnego-do-sejmiku-wojewodztwa-malopolskiego","status":"publish","type":"page","link":"https:\/\/mwierzba.pl\/index.php\/dlaczego-startuje-w-wyborach-na-radnego-do-sejmiku-wojewodztwa-malopolskiego\/","title":{"rendered":"Dlaczego startuj\u0119 w wyborach na radnego do\u00a0 Sejmiku Wojew\u00f3dztwa Ma\u0142opolskiego?"},"content":{"rendered":"\n<blockquote class=\"wp-block-quote is-layout-flow wp-block-quote-is-layout-flow\">\n<p><strong>Dlaczego startuj\u0119 w wyborach na radnego do&nbsp; Sejmiku Wojew\u00f3dztwa Ma\u0142opolskiego<\/strong><\/p>\n\n\n<div class=\"wp-block-image\">\n<figure class=\"alignright size-full\"><img loading=\"lazy\" decoding=\"async\" width=\"260\" height=\"255\" src=\"https:\/\/mwierzba.pl\/wp-content\/uploads\/2024\/03\/powiaty-e1414052938158-1.png\" alt=\"\" class=\"wp-image-167\"\/><\/figure><\/div>\n\n\n<p>Kandyduj\u0119 w wyborach samorz\u0105dowych do Sejmiku Wojew\u00f3dztwa Ma\u0142opolskiego jako kandydat komitetu wyborczego Prawo i Sprawiedliwo\u015b\u0107 w okr\u0119gu nr 4 obejmuj\u0105cym powiaty: nowotarski, tatrza\u0144ski, wadowicki, suski i&nbsp; my\u015blenicki.<\/p>\n\n\n\n<p>Zdecydowa\u0142em si\u0119 ponownie na kandydowanie poniewa\u017c uwa\u017cam, \u017ce moje dotychczasowe do\u015bwiadczenia zawodowe oraz zaanga\u017cowanie w dzia\u0142alno\u015b\u0107 spo\u0142eczn\u0105 zobowi\u0105zuj\u0105 mnie do podj\u0119cia pr\u00f3by wsp\u00f3\u0142decydowania o naszych sprawach na poziomie Ma\u0142opolski.<\/p>\n\n\n\n<p>Jako d\u0142ugoletni samorz\u0105dowiec mam dobre rozeznanie problem\u00f3w i zagadnie\u0144, kt\u00f3rymi \u017cyj\u0105 mieszka\u0144cy Ma\u0142opolski. Mam tak\u017ce \u015bwiadomo\u015b\u0107 ile wysi\u0142ku wk\u0142adaj\u0105 W\u00f3jtowie, So\u0142tysi i Radni samorz\u0105d\u00f3w gminnych i powiatowych w realizacj\u0119 przedsi\u0119wzi\u0119\u0107 s\u0142u\u017c\u0105cych nam wszystkim. Kilka lat temu jako prezes zarz\u0105du jednostki, kt\u00f3rej statutow\u0105 dzia\u0142alno\u015bci\u0105 jest budowa i utrzymanie infrastruktury komunalnej mia\u0142em bezpo\u015bredni kontakt z tymi problemami. Potem jako Sekretarz Powiatu mia\u0142em wielokrotnie mo\u017cliwo\u015b\u0107 przekona\u0107 si\u0119 osobi\u015bcie o problemach finansowania takich zada\u0144.<\/p>\n\n\n\n<p>Samorz\u0105d szczebla wojew\u00f3dzkiego i jego agendy jest bezpo\u015brednio odpowiedzialny za proces naboru, oceny, kontraktowania i rozliczania projekt\u00f3w finansowanych z funduszy Unii Europejskiej. Je\u015bli z woli Wyborc\u00f3w otrzymam mandat radnego sejmiku, b\u0119d\u0119 proponowa\u0142 zmiany i usprawnienia tak aby upro\u015bci\u0107 procedury pozyskiwania \u015brodk\u00f3w unijnych przez samorz\u0105dy ma\u0142opolskich gmin i powiat\u00f3w<\/p>\n\n\n<div class=\"wp-block-image\">\n<figure class=\"alignleft size-full\"><img decoding=\"async\" src=\"http:\/\/mwierzba.pl\/blog\/wp-content\/uploads\/2024\/03\/44585993_1938512612882937_6578519626810916864_n-205x300-1.jpg\" alt=\"\" class=\"wp-image-51\"\/><\/figure><\/div>\n\n\n<p>My Ma\u0142opolanie odczuwamy szczeg\u00f3lnie dotkliwie wszystkie problemy zwi\u0105zane z niedostatecznym finansowaniem systemu opieki zdrowotnej w Polsce. Wynika to z faktu, i\u017c kwota jak\u0105 dysponuje ma\u0142opolski oddzia\u0142 NFZ w przeliczeniu na 1 mieszka\u0144ca, jest znacz\u0105co ni\u017csza ni\u017c w innych wojew\u00f3dztwach. Ponadto \u015brodki te w za\u0142o\u017ceniu s\u0142u\u017cy\u0107 maj\u0105 wy\u0142\u0105cznie finansowaniu procesu leczenia jako takiego. Na rozw\u00f3j infrastruktury szpitalnej oraz na zakupy sprz\u0119tu i wyposa\u017cenia w ma\u0142opolskich szpitalach pieni\u0105dze powinny si\u0119 znale\u017a\u0107, niezale\u017cnie czy organem za\u0142o\u017cycielskim szpitala jest burmistrz albo prezydent, marsza\u0142ek czy starosta. Wszyscy jeste\u015bmy pacjentami i kiedy potrzebujemy pomocy nie interesuje nas kto odpowiada za szpital w kt\u00f3rym szukamy pomocy. Liczymy na to, ze ka\u017cdy szpital gdzie mo\u017cemy trafi\u0107 b\u0119dzie odpowiednio wyposa\u017cony i przygotowany.&nbsp; Niestety dzisiaj jest inaczej.<\/p>\n\n\n\n<p>Pe\u0142ni\u0105c obecnie funkcj\u0119 dyrektora Podhala\u0144skiego Szpitala Specjalistycznego do\u015bwiadczam powa\u017cnych trudno\u015bci w uzyskaniu wsparcia dla dzia\u0142a\u0144 inwestycyjnych i modernizacyjnych jakie s\u0105 niezb\u0119dne do przeprowadzenia w naszej podhala\u0144skiej lecznicy. Uwa\u017cam, ze sprawy ochrony zdrowia czy ratowania \u017cycia ludzkiego s\u0105 najwa\u017cniejsze. B\u0119d\u0119 zawsze prezentowa\u0142 jednoznaczne stanowisko w tej kwestii. Taka jest moja hierarchia wa\u017cno\u015bci spraw i zada\u0144 kt\u00f3rymi b\u0119d\u0119 si\u0119 zajmowa\u0142 je\u015bli z woli Wyborc\u00f3w uzyskam mandat radnego.<\/p>\n\n\n\n<p>Jako radny sejmiku, cz\u0142onek koalicji sprawuj\u0105cej w\u0142adz\u0119 w sejmiku ma\u0142opolskim szczeg\u00f3lnie mocno podkre\u015bla\u0142em konieczno\u015b\u0107 stworzenia mo\u017cliwo\u015bci finansowych w bud\u017cecie wojew\u00f3dztwa ma\u0142opolskiego dzi\u0119ki czemu mo\u017cliwe b\u0119dzie udzielanie wsparcia, szczeg\u00f3lnie szpitalom powiatowym. Pe\u0142ni\u0105c funkcj\u0119 przewodnicz\u0105cego komisji zdrowia stara\u0142em si\u0119 przekonywa\u0107&nbsp; cz\u0142onk\u00f3w komisji&nbsp; na rzecz takich dzia\u0142a\u0144. Te starania przynios\u0142y efekt. Dzi\u0119ki pozytywnym dzia\u0142aniom Zarz\u0105du Wojew\u00f3dztwa Ma\u0142opolskiego, w szczeg\u00f3lno\u015bci Marsza\u0142ka Witolda Koz\u0142owskiego i V-ce Marsza\u0142ka \u0141ukasza Sm\u00f3\u0142ki w okresie od 2018 do 2023 szpitale powiatowe w Ma\u0142opolsce otrzyma\u0142y znacz\u0105ce wsparcie finansowe. Nale\u017cy podkre\u015bli\u0107, \u017ce wcze\u015bniej, kiedy w\u0142adz\u0119 w Ma\u0142opolsce sprawowa\u0142a koalicja PO \u2013 PSL szpitale powiatowe nie by\u0142y z bud\u017cetu wojew\u00f3dztwa systemowo dofinansowane, nie licz\u0105c incydentalnych decyzji \u00f3wczesnego zarz\u0105du wojew\u00f3dztwa.<\/p>\n\n\n\n<p>Znam&nbsp; krytyczn\u0105 ocen\u0119 funkcjonowania niekt\u00f3rych mechanizm\u00f3w w funduszach, kt\u00f3re maj\u0105 wspiera\u0107 rozw\u00f3j przedsi\u0119biorstw.&nbsp; Nie mo\u017ce by\u0107 tak, \u017ce jako cz\u0142onek Unii Europejskiej zwracamy niewykorzystane pieni\u0105dze, a jednocze\u015bnie nasi samorz\u0105dowcy i przedsi\u0119biorcy maj\u0105 do tych \u015brodk\u00f3w ograniczony dost\u0119p z powodu niejasnych procedur i licznych przeszk\u00f3d biurokratycznych kt\u00f3re my sami tworzymy.<\/p>\n\n\n\n<p>Jestem zwolennikiem prostych rozwi\u0105za\u0144, przejrzystych zasad i jasnych kryteri\u00f3w.<\/p>\n\n\n\n<p>Jako Radny Sejmiku Wojew\u00f3dztwa Ma\u0142opolskiego chc\u0119 dzia\u0142a\u0107 na rzecz uproszczenia procedur wsz\u0119dzie tam gdzie to mo\u017cliwe.&nbsp; Musimy zrobi\u0107 wszystko aby sprawnie i efektywnie wykorzysta\u0107 \u015brodki z KPO w najbli\u017cszych latach.<\/p>\n\n\n\n<p>Musimy wykorzysta\u0107 nasze szanse jak najlepiej.<\/p>\n<\/blockquote>\n","protected":false},"excerpt":{"rendered":"","protected":false},"author":2,"featured_media":0,"parent":0,"menu_order":0,"comment_status":"closed","ping_status":"closed","template":"","meta":{"footnotes":""},"class_list":["post-251","page","type-page","status-publish","hentry"],"_links":{"self":[{"href":"https:\/\/mwierzba.pl\/index.php\/wp-json\/wp\/v2\/pages\/251","targetHints":{"allow":["GET"]}}],"collection":[{"href":"https:\/\/mwierzba.pl\/index.php\/wp-json\/wp\/v2\/pages"}],"about":[{"href":"https:\/\/mwierzba.pl\/index.php\/wp-json\/wp\/v2\/types\/page"}],"author":[{"embeddable":true,"href":"https:\/\/mwierzba.pl\/index.php\/wp-json\/wp\/v2\/users\/2"}],"replies":[{"embeddable":true,"href":"https:\/\/mwierzba.pl\/index.php\/wp-json\/wp\/v2\/comments?post=251"}],"version-history":[{"count":2,"href":"https:\/\/mwierzba.pl\/index.php\/wp-json\/wp\/v2\/pages\/251\/revisions"}],"predecessor-version":[{"id":311,"href":"https:\/\/mwierzba.pl\/index.php\/wp-json\/wp\/v2\/pages\/251\/revisions\/311"}],"wp:attachment":[{"href":"https:\/\/mwierzba.pl\/index.php\/wp-json\/wp\/v2\/media?parent=251"}],"curies":[{"name":"wp","href":"https:\/\/api.w.org\/{rel}","templated":true}]}}